{"id":434,"date":"2020-09-24T15:17:58","date_gmt":"2020-09-24T13:17:58","guid":{"rendered":"https:\/\/antoniodelaosa.com\/anaconda\/producto\/sabana-nautica-kit-2\/"},"modified":"2020-10-22T18:59:14","modified_gmt":"2020-10-22T16:59:14","slug":"feuille-nautique-kit-2","status":"publish","type":"product","link":"https:\/\/anacondanautical.com\/fr\/produit\/feuille-nautique-kit-2\/","title":{"rendered":"Feuille nautique KIT 2"},"content":{"rendered":"<p><b>AVANTAGES DE TISSUS POLYPROPYL\u00c8NE SSMMS<\/b><\/p>\n<ol>\n<li>Le principal avantage du nouveau tissu de polypropyl\u00e8ne de 5 couches est la perm\u00e9abilit\u00e9 \u00e0 l&rsquo;air tandis qu&rsquo;une perm\u00e9abilit\u00e9 \u00e0 l&rsquo;eau z\u00e9ro.<\/li>\n<li>Cela provoque l&rsquo;application pour couvrir rembourr\u00e9e bateaux de sport et de lits de cabine est optimal.<\/li>\n<li>\u00c9vitez tapis de tache bateaux de sueur, cr\u00e8me solaire, des \u00e9tourdissements, etc. &#8230;<\/li>\n<li>Il emp\u00eache l&rsquo;humidit\u00e9 qui peut obtenir la sellerie humide pour sit n\u00e9gligents avec son maillot de bain mouill\u00e9 ou \u00e9claboussures avec des hublots ouverts<\/li>\n<li>Son toucher la peau extr\u00eamement agr\u00e9able de dormir permettant l\u00e9g\u00e8rement v\u00eatues nuits chaudes<\/li>\n<li>Ils ne donnent pas la chaleur et la sueur pour leur grande respirabilit\u00e9 et un traitement antistatique<\/li>\n<li>Ils prennent 85% moins de volume et de poids identiques draps en coton. Vous pouvez les emmener partout sans avoir \u00e0 transporter de gros paquets<\/li>\n<li>Ils sont jetables et pas cher, vous pouvez dormir en eux pour toutes vos vacances, puis les jeter sans vergogne. En outre les armateurs peuvent stocker dans un petit espace pour donner votre \u00e9quipage invit\u00e9 quelques nouvelles partitions.<\/li>\n<li>Ils sont lavables si d\u00e9sir\u00e9 sans n\u00e9cessiter le s\u00e9chage ou le repassage comme jamais bassinage<\/li>\n<li>Ne jamais avoir ce sentiment d&rsquo;humidit\u00e9 dans certains climats, il a coton ou un sac de couchage.<\/li>\n<li>Les feuilles de fond sont en forme de leurs nattes et sont r\u00e9glables donnant un look soign\u00e9 et propre \u00e0 leurs cabines, m\u00eame apr\u00e8s plusieurs jours de voyage.<\/li>\n<li>Particuli\u00e8rement recommand\u00e9 pour les oreillers<\/li>\n<li>L&rsquo;utilisation de feuilles de polypropyl\u00e8ne pour l&rsquo;eau est similaire \u00e0 l&rsquo;application qui a \u00e9t\u00e9 le m\u00eame pour les chemises techniques.<\/li>\n","protected":false},"excerpt":{"rendered":"<p>S\u00e1bana n\u00e1utica especialmente indicada para los camarotes de proa del barco.<\/p>\n","protected":false},"featured_media":288,"comment_status":"open","ping_status":"closed","template":"","meta":{"site-sidebar-layout":"default","site-content-layout":"default","ast-site-content-layout":"","site-content-style":"default","site-sidebar-style":"default","ast-global-header-display":"","ast-banner-title-visibility":"","ast-main-header-display":"","ast-hfb-above-header-display":"","ast-hfb-below-header-display":"","ast-hfb-mobile-header-display":"","site-post-title":"disabled","ast-breadcrumbs-content":"","ast-featured-img":"disabled","footer-sml-layout":"","theme-transparent-header-meta":"default","adv-header-id-meta":"","stick-header-meta":"","header-above-stick-meta":"","header-main-stick-meta":"","header-below-stick-meta":"","astra-migrate-meta-layouts":"default","ast-page-background-enabled":"default","ast-page-background-meta":{"desktop":{"background-color":"","background-image":"","background-repeat":"repeat","background-position":"center center","background-size":"auto","background-attachment":"scroll","background-type":"","background-media":"","overlay-type":"","overlay-color":"","overlay-opacity":"","overlay-gradient":""},"tablet":{"background-color":"","background-image":"","background-repeat":"repeat","background-position":"center center","background-size":"auto","background-attachment":"scroll","background-type":"","background-media":"","overlay-type":"","overlay-color":"","overlay-opacity":"","overlay-gradient":""},"mobile":{"background-color":"","background-image":"","background-repeat":"repeat","background-position":"center center","background-size":"auto","background-attachment":"scroll","background-type":"","background-media":"","overlay-type":"","overlay-color":"","overlay-opacity":"","overlay-gradient":""}},"ast-content-background-meta":{"desktop":{"background-color":"var(--ast-global-color-5)","background-image":"","background-repeat":"repeat","background-position":"center center","background-size":"auto","background-attachment":"scroll","background-type":"","background-media":"","overlay-type":"","overlay-color":"","overlay-opacity":"","overlay-gradient":""},"tablet":{"background-color":"var(--ast-global-color-5)","background-image":"","background-repeat":"repeat","background-position":"center center","background-size":"auto","background-attachment":"scroll","background-type":"","background-media":"","overlay-type":"","overlay-color":"","overlay-opacity":"","overlay-gradient":""},"mobile":{"background-color":"var(--ast-global-color-5)","background-image":"","background-repeat":"repeat","background-position":"center center","background-size":"auto","background-attachment":"scroll","background-type":"","background-media":"","overlay-type":"","overlay-color":"","overlay-opacity":"","overlay-gradient":""}}},"product_brand":[],"product_cat":[46],"product_tag":[],"class_list":{"0":"post-434","1":"product","2":"type-product","3":"status-publish","4":"has-post-thumbnail","6":"product_cat-kit-de-feuilles-nautiques","7":"desktop-align-left","8":"tablet-align-left","9":"mobile-align-left","10":"ast-product-gallery-layout-horizontal-slider","11":"ast-product-gallery-with-no-image","12":"ast-product-tabs-layout-horizontal","14":"first","15":"instock","16":"taxable","17":"shipping-taxable","18":"purchasable","19":"product-type-simple"},"_links":{"self":[{"href":"https:\/\/anacondanautical.com\/fr\/wp-json\/wp\/v2\/product\/434","targetHints":{"allow":["GET"]}}],"collection":[{"href":"https:\/\/anacondanautical.com\/fr\/wp-json\/wp\/v2\/product"}],"about":[{"href":"https:\/\/anacondanautical.com\/fr\/wp-json\/wp\/v2\/types\/product"}],"replies":[{"embeddable":true,"href":"https:\/\/anacondanautical.com\/fr\/wp-json\/wp\/v2\/comments?post=434"}],"wp:featuredmedia":[{"embeddable":true,"href":"https:\/\/anacondanautical.com\/fr\/wp-json\/wp\/v2\/media\/288"}],"wp:attachment":[{"href":"https:\/\/anacondanautical.com\/fr\/wp-json\/wp\/v2\/media?parent=434"}],"wp:term":[{"taxonomy":"product_brand","embeddable":true,"href":"https:\/\/anacondanautical.com\/fr\/wp-json\/wp\/v2\/product_brand?post=434"},{"taxonomy":"product_cat","embeddable":true,"href":"https:\/\/anacondanautical.com\/fr\/wp-json\/wp\/v2\/product_cat?post=434"},{"taxonomy":"product_tag","embeddable":true,"href":"https:\/\/anacondanautical.com\/fr\/wp-json\/wp\/v2\/product_tag?post=434"}],"curies":[{"name":"wp","href":"https:\/\/api.w.org\/{rel}","templated":true}]}}