{"id":490,"date":"2020-10-22T17:34:43","date_gmt":"2020-10-22T15:34:43","guid":{"rendered":"https:\/\/antoniodelaosa.com\/anaconda\/?page_id=490"},"modified":"2020-10-22T17:35:57","modified_gmt":"2020-10-22T15:35:57","slug":"conditions-dutilisation","status":"publish","type":"page","link":"https:\/\/anacondanautical.com\/fr\/conditions-dutilisation\/","title":{"rendered":"Conditions d&rsquo;utilisation"},"content":{"rendered":"<h2>CONDITIONS D&rsquo;UTILISATION<\/h2>\n<p>Acc\u00e8s au site: www.anacondanautical.com et son utilisation n\u00e9cessite que les conditions g\u00e9n\u00e9rales d\u00e9crites ici sont accept\u00e9es. Ces conditions sont consid\u00e9r\u00e9es comme applicables uniquement aux ventes et des transactions sur le site www.anacondanautical.com. L&rsquo;acc\u00e8s \u00e0 ce site web, l&rsquo;utilisation et l&rsquo;achat de produits pr\u00e9sents dans ce pr\u00e9supposent la connaissance et l&rsquo;acceptation de ces termes et conditions.<\/p>\n<h2>Identification et objet de la Soci\u00e9t\u00e9<\/h2>\n<p>La Soci\u00e9t\u00e9 Anaconda Nautical, S.L. d\u00e9di\u00e9 aux activit\u00e9s de l&rsquo;achat, la vente, la m\u00e9diation, le courtage, l&rsquo;importation et l&rsquo;exportation de toutes sortes de biens et de services li\u00e9s aux nouvelles voitures ou d&rsquo;occasion, ses parties et les bateaux \u00e0 voile et des produits automobiles. L\u00e9galement constitu\u00e9 en Espagne avec CIF B-71078554, dont le si\u00e8ge social est situ\u00e9 \u00e0 la Plaza San Emeterio 5, 31190 Zizur Menor. Pour les questions qui peuvent \u00eatre la cause de la performance ou la non-conformit\u00e9 avec les conditions g\u00e9n\u00e9rales d&rsquo;utilisation par les utilisateurs et les clients, le site web sera soumis \u00e0 www.anacondanautical.com la comp\u00e9tence et la comp\u00e9tence des tribunaux jou\u00e9 et Alicante.<\/p>\n<h2>Modification des conditions g\u00e9n\u00e9rales<\/h2>\n<p>Anaconda Nautical S.L. vous pouvez modifier \u00e0 tout moment les termes et conditions d\u00e9crites ici afin d&rsquo;adapter aux changements qui peuvent survenir dans la l\u00e9gislation en vigueur \u00e0 l&rsquo;\u00e9poque. Les modifications apport\u00e9es dans les conditions g\u00e9n\u00e9rales entrent en vigueur au moment o\u00f9 ils sont publi\u00e9s dans www.anacondanautical.com.<\/p>\n<h2>Acc\u00e8s au site anacondanautical.com<\/h2>\n<p>articles de consultation est librement accessible \u00e0 tout utilisateur.<\/p>\n<p>Ce sera l&rsquo;acc\u00e8s \u00e0 acc\u00e8s restreint \u00e0 la boutique en ligne au moment o\u00f9 l&rsquo;entr\u00e9e de donn\u00e9es d&rsquo;enregistrement, la facturation, le paiement est obligatoire et ceux consid\u00e9r\u00e9s comme personnels.<\/p>\n<p>Afin de faire un achat, vous devrez identification de l&rsquo;utilisateur de en www.anacondanautical.com \u00e0 travers un registre en tant que nouvel utilisateur. Une fois cette application, l&rsquo;utilisateur peut acc\u00e9der \u00e0 la boutique en ligne pour le paiement de votre commande et \/ ou pour des visites ult\u00e9rieures du site o\u00f9 leur identification est n\u00e9cessaire.<\/p>\n<h2>D&rsquo;autres consid\u00e9rations<\/h2>\n<p>La Soci\u00e9t\u00e9 Anaconda Nautical S.L. ne sera pas en aucun cas responsable de la mauvaise utilisation que tant le site et son contenu a \u00e9t\u00e9 effectu\u00e9e par les utilisateurs ou les clients. En outre, l&rsquo;utilisateur est responsable de l&rsquo;exactitude de la soci\u00e9t\u00e9 de l&rsquo;information. La fausset\u00e9 de l&rsquo;information fournie \u00e0 Anaconda Nautical S.L. Il sera suffisant pour refuser l&rsquo;acc\u00e8s \u00e0 la raison d&rsquo;un site web.<\/p>\n<p>De m\u00eame, l&rsquo;acc\u00e8s au site pour les utilisateurs qui effectuent des activit\u00e9s ill\u00e9gales qui violent la loi ou sont contraires aux Conditions g\u00e9n\u00e9rales exprim\u00e9es dans ce document sont des marques. \u00c9tant donn\u00e9 la nature ill\u00e9gale de ce comportement, le refus d&rsquo;acc\u00e8s se fait sans notification pr\u00e9alable \u00e0 l&rsquo;utilisateur incrimin\u00e9 par la soci\u00e9t\u00e9 est n\u00e9cessaire.<\/p>\n<p>Anaconda Nautical S.L. ne sera pas responsable des dommages qui pourraient r\u00e9sulter de perturbations, omissions, interruptions, virus informatiques, pannes t\u00e9l\u00e9phoniques ou d\u00e9connexions dans le fonctionnement du syst\u00e8me \u00e9lectronique caus\u00e9s par des raisons ind\u00e9pendantes de la soci\u00e9t\u00e9, ni pour tout dommage qui pourrait \u00eatre caus\u00e9 par tiers par le biais de l&rsquo;ing\u00e9rence ill\u00e9gitime au-del\u00e0 du contr\u00f4le de la soci\u00e9t\u00e9.<\/p>\n<h2>Propri\u00e9t\u00e9 intellectuelle<\/h2>\n<p>Le contenu du site www.anacondanautical.com, compris en tant que tel, des dessins, des photographies et des droits \u00e0 l&rsquo;image, graphiques, audio, vid\u00e9o, texte, marques, droits d&rsquo;auteur et les documents connexes inclus dans le site, conform\u00e9ment \u00e0 la l\u00e9gislation nationale protection de la propri\u00e9t\u00e9 intellectuelle tout le contenu ci-dessus sont prot\u00e9g\u00e9es par la l\u00e9gislation et sont la propri\u00e9t\u00e9 de Anaconda Nautical SL et ne sont pas autoris\u00e9s, la reproduction totale ou partielle de ce site, ou son traitement, la publication, la distribution, la diffusion, la modification, transformaci\u00f3ns\u00f3lo peut \u00eatre utilis\u00e9 par le client par autorisation expresse d\u00e9livr\u00e9e par\u00a0Anaconda Nautical SL au sujet . En outre, il est consid\u00e9r\u00e9 comme interdit et puni l&rsquo;avantage obtenu par la publication de www.anacondanautical.com site Web et non contract\u00e9 des m\u00e9dias \u00e9trangers et \/ ou g\u00e9r\u00e9s directement et personnellement par Anaconda Nautical SL. L&rsquo;utilisateur, uniquement vous pouvez utiliser le mat\u00e9riel sur ce site pour votre usage personnel et priv\u00e9, \u00e9tant interdit son utilisation \u00e0 des fins commerciales ou dans des activit\u00e9s ill\u00e9gales.<\/p>\n","protected":false},"excerpt":{"rendered":"<p>CONDITIONS D&rsquo;UTILISATION Acc\u00e8s au site: www.anacondanautical.com et son utilisation n\u00e9cessite que les conditions g\u00e9n\u00e9rales d\u00e9crites ici sont accept\u00e9es. Ces conditions sont consid\u00e9r\u00e9es comme applicables uniquement aux ventes et des transactions sur le site www.anacondanautical.com. L&rsquo;acc\u00e8s \u00e0 ce site web, l&rsquo;utilisation et l&rsquo;achat de produits pr\u00e9sents dans ce pr\u00e9supposent la connaissance et l&rsquo;acceptation de ces termes [&hellip;]<\/p>\n","protected":false},"author":1,"featured_media":0,"parent":0,"menu_order":0,"comment_status":"closed","ping_status":"closed","template":"","meta":{"site-sidebar-layout":"no-sidebar","site-content-layout":"default","ast-site-content-layout":"","site-content-style":"default","site-sidebar-style":"default","ast-global-header-display":"","ast-banner-title-visibility":"","ast-main-header-display":"","ast-hfb-above-header-display":"","ast-hfb-below-header-display":"","ast-hfb-mobile-header-display":"","site-post-title":"","ast-breadcrumbs-content":"","ast-featured-img":"disabled","footer-sml-layout":"","theme-transparent-header-meta":"default","adv-header-id-meta":"","stick-header-meta":"default","header-above-stick-meta":"","header-main-stick-meta":"","header-below-stick-meta":"","astra-migrate-meta-layouts":"default","ast-page-background-enabled":"default","ast-page-background-meta":{"desktop":{"background-color":"","background-image":"","background-repeat":"repeat","background-position":"center center","background-size":"auto","background-attachment":"scroll","background-type":"","background-media":"","overlay-type":"","overlay-color":"","overlay-opacity":"","overlay-gradient":""},"tablet":{"background-color":"","background-image":"","background-repeat":"repeat","background-position":"center center","background-size":"auto","background-attachment":"scroll","background-type":"","background-media":"","overlay-type":"","overlay-color":"","overlay-opacity":"","overlay-gradient":""},"mobile":{"background-color":"","background-image":"","background-repeat":"repeat","background-position":"center center","background-size":"auto","background-attachment":"scroll","background-type":"","background-media":"","overlay-type":"","overlay-color":"","overlay-opacity":"","overlay-gradient":""}},"ast-content-background-meta":{"desktop":{"background-color":"var(--ast-global-color-5)","background-image":"","background-repeat":"repeat","background-position":"center center","background-size":"auto","background-attachment":"scroll","background-type":"","background-media":"","overlay-type":"","overlay-color":"","overlay-opacity":"","overlay-gradient":""},"tablet":{"background-color":"var(--ast-global-color-5)","background-image":"","background-repeat":"repeat","background-position":"center center","background-size":"auto","background-attachment":"scroll","background-type":"","background-media":"","overlay-type":"","overlay-color":"","overlay-opacity":"","overlay-gradient":""},"mobile":{"background-color":"var(--ast-global-color-5)","background-image":"","background-repeat":"repeat","background-position":"center center","background-size":"auto","background-attachment":"scroll","background-type":"","background-media":"","overlay-type":"","overlay-color":"","overlay-opacity":"","overlay-gradient":""}},"footnotes":""},"class_list":["post-490","page","type-page","status-publish","hentry"],"_links":{"self":[{"href":"https:\/\/anacondanautical.com\/fr\/wp-json\/wp\/v2\/pages\/490","targetHints":{"allow":["GET"]}}],"collection":[{"href":"https:\/\/anacondanautical.com\/fr\/wp-json\/wp\/v2\/pages"}],"about":[{"href":"https:\/\/anacondanautical.com\/fr\/wp-json\/wp\/v2\/types\/page"}],"author":[{"embeddable":true,"href":"https:\/\/anacondanautical.com\/fr\/wp-json\/wp\/v2\/users\/1"}],"replies":[{"embeddable":true,"href":"https:\/\/anacondanautical.com\/fr\/wp-json\/wp\/v2\/comments?post=490"}],"version-history":[{"count":0,"href":"https:\/\/anacondanautical.com\/fr\/wp-json\/wp\/v2\/pages\/490\/revisions"}],"wp:attachment":[{"href":"https:\/\/anacondanautical.com\/fr\/wp-json\/wp\/v2\/media?parent=490"}],"curies":[{"name":"wp","href":"https:\/\/api.w.org\/{rel}","templated":true}]}}